{"id":135,"date":"2023-07-06T08:48:12","date_gmt":"2023-07-06T06:48:12","guid":{"rendered":"https:\/\/laiteriemassais.fr\/?page_id=135"},"modified":"2025-11-08T14:16:22","modified_gmt":"2025-11-08T13:16:22","slug":"visite","status":"publish","type":"page","link":"https:\/\/laiteriemassais.fr\/index.php\/visite\/","title":{"rendered":"VISITE"},"content":{"rendered":"\n<p class=\"has-text-align-center\"><strong><mark style=\"background-color:rgba(0, 0, 0, 0);color:#f82688\" class=\"has-inline-color\">D\u00e9couvrez le site de la laiterie de Massais et son histoire :<\/mark><\/strong><\/p>\n\n\n\n<p class=\"has-text-align-center\"><strong>Visite priv\u00e9e : <\/strong>Pour les groupes du lundi au dimanche sur r\u00e9servation uniquement (\u00e0 partir de 3 personnes).<\/p>\n\n\n\n<p class=\"has-text-align-center\"><strong>Dur\u00e9e : <\/strong>1h15<\/p>\n\n\n\n<p class=\"has-text-align-center\"><strong>Prix de la visite : 6\u20ac par personne en tarif plein \/ 4\u20ac par personne en tarif r\u00e9duit*. <\/strong><\/p>\n\n\n\n<figure class=\"wp-block-image size-large\"><img loading=\"lazy\" decoding=\"async\" width=\"1024\" height=\"768\" src=\"https:\/\/laiteriemassais.fr\/wp-content\/uploads\/2025\/09\/514218608_18271472965275685_1847686645629121159_n-1024x768.jpg\" alt=\"La laiterie de Massais depuis le site des Eboulis\" class=\"wp-image-1058\" srcset=\"https:\/\/laiteriemassais.fr\/wp-content\/uploads\/2025\/09\/514218608_18271472965275685_1847686645629121159_n-1024x768.jpg 1024w, https:\/\/laiteriemassais.fr\/wp-content\/uploads\/2025\/09\/514218608_18271472965275685_1847686645629121159_n-300x225.jpg 300w, https:\/\/laiteriemassais.fr\/wp-content\/uploads\/2025\/09\/514218608_18271472965275685_1847686645629121159_n-768x576.jpg 768w, https:\/\/laiteriemassais.fr\/wp-content\/uploads\/2025\/09\/514218608_18271472965275685_1847686645629121159_n-400x300.jpg 400w, https:\/\/laiteriemassais.fr\/wp-content\/uploads\/2025\/09\/514218608_18271472965275685_1847686645629121159_n.jpg 1440w\" sizes=\"auto, (max-width: 1024px) 100vw, 1024px\" \/><\/figure>\n\n\n\n<p><strong>Le contenu de la visite : <\/strong><\/p>\n\n\n\n<p>\u2022 Pr\u00e9sentation et historique de l&rsquo;ancienne laiterie coop\u00e9rative de Massais.<\/p>\n\n\n\n<p>\u2022 Points sur l&rsquo;histoire des coop\u00e9ratives laiti\u00e8res dans en Charentes-Poitou.<\/p>\n\n\n\n<p>\u2022 Pr\u00e9sentation du projet et du chantier de r\u00e9novation port\u00e9e par Fran\u00e7ois-Victor Brunet et Rachel Thibault.<\/p>\n\n\n\n<p>\u2022 Visite des espaces accessibles du site et des ext\u00e9rieurs. <\/p>\n\n\n\n<p>\u2022 Visite de la galerie la corbata rosa et pr\u00e9sentation de ses artistes. (La galerie est par ailleurs ouverte en acc\u00e8s libre du mercredi au dimanche de 14h \u00e0 18h30).<\/p>\n\n\n\n<p>\u2022 Moment d&rsquo;\u00e9change autour d&rsquo;une boisson chaude offerte. <\/p>\n\n\n\n<p class=\"has-text-align-center\"><strong><mark style=\"background-color:rgba(0, 0, 0, 0);color:#d82688\" class=\"has-inline-color\">R\u00e9servez et payez directement sur notre billetterie pour un cr\u00e9neau pr\u00e9d\u00e9fini :<\/mark><\/strong><\/p>\n\n\n\n<a href=\"https:\/\/billetterie.webgazelle.net\/sortir-visite-de-la-laiterie-de-massais-massais-exposition-architecture,reservation-evenement-12825\" target=\"_blank\" class=\"wgb-iframe\" data-id=\"wgb-iframe-12825\" data-width=\"100%\">Billetterie Visite de la laiterie de Massais<\/a><script type=\"text\/javascript\" src=\"https:\/\/billetterie.webgazelle.net\/default\/js\/share\/iframe.js\"><\/script>\n\n\n\n<p class=\"has-text-align-center\"><strong><strong><mark style=\"background-color:rgba(0, 0, 0, 0);color:#d82688\" class=\"has-inline-color\">Ou contactez-nous <\/mark><\/strong><\/strong>sur <strong>contact@lacorbatarosa.com ou par t\u00e9l\u00e9phone au 06.95.55.52.72<\/strong> pour une r\u00e9servation sur un autre cr\u00e9neau ou un renseignement sur nos formules groupes.<\/p>\n\n\n\n<p class=\"has-text-align-center\"><em>R\u00e8glement possible sur place possible en CB, ch\u00e8que ou esp\u00e8ce (appoint demand\u00e9). <\/em><\/p>\n\n\n\n<p class=\"has-text-align-center\"><i>*Nous proposons un tarif r\u00e9duit \u00e0 4\u20ac pour : Les adh\u00e9rents de l&rsquo;Entrem\u00eale \u00e0 Cersay, les adh\u00e9rents de G\u00e9n\u00e9ration + \u00e0 Massais, <\/i><em style=\"font-style: italic;\">les enfants de -16ans accompagn\u00e9s de leurs parents,<\/em> <em>les enfants de groupes scolaires, les lyc\u00e9ens et \u00e9tudiants.<\/em><\/p>\n\n\n\n<p><mark style=\"background-color:rgba(0, 0, 0, 0);color:#f82688\" class=\"has-inline-color\"><strong>Informations groupes &amp; entreprises : <\/strong>Pour les groupes nous pouvons \u00e9galement vous accompagner sur une offre plus importantes incluant une autre visite sur le territoire ainsi que la d\u00e9couverte de structures partenaires, un repas, ou encore la location d&rsquo;un espace de r\u00e9union. N&rsquo;h\u00e9sitez pas \u00e0 nous contacter pour pr\u00e9ciser votre besoin, vos envies et votre budget \u00e0 contact@lacorbatarosa.com.<\/mark><\/p>\n\n\n\n<figure class=\"wp-block-gallery has-nested-images columns-default is-cropped wp-block-gallery-1 is-layout-flex wp-block-gallery-is-layout-flex\">\n<figure class=\"wp-block-image size-large\"><img loading=\"lazy\" decoding=\"async\" width=\"1024\" height=\"472\" data-id=\"1091\" src=\"https:\/\/laiteriemassais.fr\/wp-content\/uploads\/2025\/11\/499206921_1286068153521967_1605159235064878612_n-1024x472.jpg\" alt=\"\" class=\"wp-image-1091\" srcset=\"https:\/\/laiteriemassais.fr\/wp-content\/uploads\/2025\/11\/499206921_1286068153521967_1605159235064878612_n-1024x472.jpg 1024w, https:\/\/laiteriemassais.fr\/wp-content\/uploads\/2025\/11\/499206921_1286068153521967_1605159235064878612_n-300x138.jpg 300w, https:\/\/laiteriemassais.fr\/wp-content\/uploads\/2025\/11\/499206921_1286068153521967_1605159235064878612_n-768x354.jpg 768w, https:\/\/laiteriemassais.fr\/wp-content\/uploads\/2025\/11\/499206921_1286068153521967_1605159235064878612_n-1536x708.jpg 1536w, https:\/\/laiteriemassais.fr\/wp-content\/uploads\/2025\/11\/499206921_1286068153521967_1605159235064878612_n-421x194.jpg 421w, https:\/\/laiteriemassais.fr\/wp-content\/uploads\/2025\/11\/499206921_1286068153521967_1605159235064878612_n.jpg 1600w\" sizes=\"auto, (max-width: 1024px) 100vw, 1024px\" \/><\/figure>\n\n\n\n<figure class=\"wp-block-image size-large\"><img loading=\"lazy\" decoding=\"async\" width=\"1024\" height=\"472\" data-id=\"1093\" src=\"https:\/\/laiteriemassais.fr\/wp-content\/uploads\/2025\/11\/500031797_1285804846881631_8618674474570323208_n-1024x472.jpg\" alt=\"\" class=\"wp-image-1093\" srcset=\"https:\/\/laiteriemassais.fr\/wp-content\/uploads\/2025\/11\/500031797_1285804846881631_8618674474570323208_n-1024x472.jpg 1024w, https:\/\/laiteriemassais.fr\/wp-content\/uploads\/2025\/11\/500031797_1285804846881631_8618674474570323208_n-300x138.jpg 300w, https:\/\/laiteriemassais.fr\/wp-content\/uploads\/2025\/11\/500031797_1285804846881631_8618674474570323208_n-768x354.jpg 768w, https:\/\/laiteriemassais.fr\/wp-content\/uploads\/2025\/11\/500031797_1285804846881631_8618674474570323208_n-1536x708.jpg 1536w, https:\/\/laiteriemassais.fr\/wp-content\/uploads\/2025\/11\/500031797_1285804846881631_8618674474570323208_n-421x194.jpg 421w, https:\/\/laiteriemassais.fr\/wp-content\/uploads\/2025\/11\/500031797_1285804846881631_8618674474570323208_n.jpg 1600w\" sizes=\"auto, (max-width: 1024px) 100vw, 1024px\" \/><\/figure>\n\n\n\n<figure class=\"wp-block-image size-large\"><img loading=\"lazy\" decoding=\"async\" width=\"1024\" height=\"472\" data-id=\"1092\" src=\"https:\/\/laiteriemassais.fr\/wp-content\/uploads\/2025\/11\/498314313_1285804696881646_9182529950671934283_n-1024x472.jpg\" alt=\"\" class=\"wp-image-1092\" srcset=\"https:\/\/laiteriemassais.fr\/wp-content\/uploads\/2025\/11\/498314313_1285804696881646_9182529950671934283_n-1024x472.jpg 1024w, https:\/\/laiteriemassais.fr\/wp-content\/uploads\/2025\/11\/498314313_1285804696881646_9182529950671934283_n-300x138.jpg 300w, https:\/\/laiteriemassais.fr\/wp-content\/uploads\/2025\/11\/498314313_1285804696881646_9182529950671934283_n-768x354.jpg 768w, https:\/\/laiteriemassais.fr\/wp-content\/uploads\/2025\/11\/498314313_1285804696881646_9182529950671934283_n-1536x708.jpg 1536w, https:\/\/laiteriemassais.fr\/wp-content\/uploads\/2025\/11\/498314313_1285804696881646_9182529950671934283_n-421x194.jpg 421w, https:\/\/laiteriemassais.fr\/wp-content\/uploads\/2025\/11\/498314313_1285804696881646_9182529950671934283_n.jpg 1600w\" sizes=\"auto, (max-width: 1024px) 100vw, 1024px\" \/><\/figure>\n<\/figure>\n\n\n\n<p class=\"has-text-align-center\"><strong><span style=\"text-decoration: underline;\">\u00c9v\u00e9nements pass\u00e9s :<\/span><\/strong><\/p>\n\n\n\n<p><a href=\"https:\/\/www.ilot-formation.com\/webconferences\/le-reemploi-lechelle-dun-particulier-le-cas-de-la-laiterie-du-massais\" data-type=\"link\" data-id=\"https:\/\/www.ilot-formation.com\/webconferences\/le-reemploi-lechelle-dun-particulier-le-cas-de-la-laiterie-du-massais\"><mark style=\"background-color:#fcc4d8\" class=\"has-inline-color\">\u25cb Le r\u00e9emploi \u00e0 l&rsquo;\u00e9chelle d&rsquo;un particulier, l&rsquo;exemple de la laiterie de Massais<\/mark><\/a>, webinaire organis\u00e9 par L&rsquo;\u00celot Formation et anim\u00e9 par Emilie Mont\u00e9cot, et Fran\u00e7ois-Victor Brunet, le 4 novembre 2025. <\/p>\n\n\n\n<p><mark style=\"background-color:#fcc4d8\" class=\"has-inline-color has-headings-color\">\u25cb Visites guid\u00e9es pour les Journ\u00e9es Nationales de l&rsquo;Architecture 2025<\/mark>, du jeudi 16 octobre 2025 au dimanche 19 octobre 2025 \u00e0 10h. 6\u20ac\/pers.<\/p>\n\n\n\n<p><mark style=\"background-color:#fcc4d8\" class=\"has-inline-color has-headings-color\">\u25cb Journ\u00e9es Europ\u00e9ennes du Patrimoine 2025<\/mark><mark style=\"background-color:rgba(0, 0, 0, 0)\" class=\"has-inline-color has-headings-color\">, <\/mark>plusieurs visites guid\u00e9es organis\u00e9es sur le weekend.<\/p>\n\n\n\n<p><mark style=\"background-color:#fcc4d8\" class=\"has-inline-color has-headings-color\">\u25cb Visite priv\u00e9e du site le vendredi 15 novembre 2024 pour un groupe de randonneurs de Saint-Jean-de-Thouars. <\/mark><\/p>\n\n\n\n<p class=\"has-text-align-left\"><mark style=\"background-color:#fcc4d8\" class=\"has-inline-color has-headings-color\">\u25cb Journ\u00e9es nationales de l&rsquo;architecture 2024<\/mark>, le samedi 19 octobre 2024 \u00e0 10h et le dimanche 20 octobre 2024 \u00e0 15h : visites sur r\u00e9servation avec ouverture exceptionnelle d&rsquo;une partie du site au public. Pr\u00e9sence exceptionnelle d&rsquo;Emilie Mont\u00e9cot, architecte du projet, lors de la visite le samedi ainsi que d&rsquo;Herv\u00e9 Kirsch, ma\u00e7on traditionnel, le samedi et le dimanche.<\/p>\n\n\n\n<p class=\"has-text-align-left\"><mark style=\"background-color:#fcc4d8\" class=\"has-inline-color has-headings-color\">\u25cb Journ\u00e9es Europ\u00e9ennes du Patrimoine 2024<\/mark><mark style=\"background-color:rgba(0, 0, 0, 0)\" class=\"has-inline-color has-headings-color\">, le dimanche 22 septembre 2024, visites avec ouverture exceptionnelle d&rsquo;une partie du site au public<\/mark> et d\u00e9monstration de taille de pierre et ma\u00e7onnerie traditionnelle par Herv\u00e9 Kirsch.<\/p>\n\n\n\n<p class=\"has-text-align-left\"><mark style=\"background-color:#fcc4d8\" class=\"has-inline-color\">\u25cb Visite exceptionnelle priv\u00e9e pour les amis des mobylettes vintages<\/mark>, le dimanche 15 septembre 2024.<\/p>\n\n\n\n<p class=\"has-text-align-left\"><mark style=\"background-color:#fcc4d8\" class=\"has-inline-color\">\u25cb Visite pour \u00ab\u00a0l&rsquo;Amicale des anciens maires du Thouarsais\u00a0\u00bb<\/mark>, le 12 juin 2024.<\/p>\n\n\n\n<p><mark style=\"background-color:#fcc4d8\" class=\"has-inline-color\">\u25cb Journ\u00e9es Europ\u00e9ennes du Patrimoine 2023<\/mark>, les 16 et 17 septembre 2023, visites des ext\u00e9rieurs et pr\u00e9sentation du projet de r\u00e9novation.<\/p>\n\n\n\n<p><mark style=\"background-color:#fcc4d8\" class=\"has-inline-color\">\u25cb D\u00e9couvrir Val-en-Vignes en V\u00e9lo 2023<\/mark>, le samedi 16 septembre 2023, rencontre et visite d&rsquo;une heure \u00e0 la laiterie de Massais. Parcours culturel organis\u00e9 par l&rsquo;Entrem\u00eale (Cersay).<\/p>\n\n\n\n<p><mark style=\"background-color:#fcc4d8\" class=\"has-inline-color\">\u25cb Visite de pr\u00e9sentation du projet<\/mark> lors d&rsquo;une randonn\u00e9e d\u00e9couverte de Val-en-Vignes sur Massais le 23 avril 2022.<\/p>\n\n\n\n<figure class=\"wp-block-gallery has-nested-images columns-default is-cropped wp-block-gallery-2 is-layout-flex wp-block-gallery-is-layout-flex\">\n<figure class=\"wp-block-image size-large\"><img loading=\"lazy\" decoding=\"async\" width=\"1024\" height=\"575\" data-id=\"246\" src=\"https:\/\/laiteriemassais.fr\/wp-content\/uploads\/2023\/12\/6513022d19347e1e3e8b4570-1-1024x575.jpg\" alt=\"\" class=\"wp-image-246\" srcset=\"https:\/\/laiteriemassais.fr\/wp-content\/uploads\/2023\/12\/6513022d19347e1e3e8b4570-1-1024x575.jpg 1024w, https:\/\/laiteriemassais.fr\/wp-content\/uploads\/2023\/12\/6513022d19347e1e3e8b4570-1-300x169.jpg 300w, https:\/\/laiteriemassais.fr\/wp-content\/uploads\/2023\/12\/6513022d19347e1e3e8b4570-1-768x431.jpg 768w, https:\/\/laiteriemassais.fr\/wp-content\/uploads\/2023\/12\/6513022d19347e1e3e8b4570-1-421x236.jpg 421w, https:\/\/laiteriemassais.fr\/wp-content\/uploads\/2023\/12\/6513022d19347e1e3e8b4570-1.jpg 1280w\" sizes=\"auto, (max-width: 1024px) 100vw, 1024px\" \/><\/figure>\n\n\n\n<figure class=\"wp-block-image size-large\"><img loading=\"lazy\" decoding=\"async\" width=\"1024\" height=\"575\" data-id=\"245\" src=\"https:\/\/laiteriemassais.fr\/wp-content\/uploads\/2023\/12\/653a42f3f18c5599238b4714-1-1024x575.jpg\" alt=\"\" class=\"wp-image-245\" srcset=\"https:\/\/laiteriemassais.fr\/wp-content\/uploads\/2023\/12\/653a42f3f18c5599238b4714-1-1024x575.jpg 1024w, https:\/\/laiteriemassais.fr\/wp-content\/uploads\/2023\/12\/653a42f3f18c5599238b4714-1-300x169.jpg 300w, https:\/\/laiteriemassais.fr\/wp-content\/uploads\/2023\/12\/653a42f3f18c5599238b4714-1-768x431.jpg 768w, https:\/\/laiteriemassais.fr\/wp-content\/uploads\/2023\/12\/653a42f3f18c5599238b4714-1-421x236.jpg 421w, https:\/\/laiteriemassais.fr\/wp-content\/uploads\/2023\/12\/653a42f3f18c5599238b4714-1.jpg 1280w\" sizes=\"auto, (max-width: 1024px) 100vw, 1024px\" \/><\/figure>\n\n\n\n<figure class=\"wp-block-image size-large\"><img loading=\"lazy\" decoding=\"async\" width=\"1024\" height=\"536\" data-id=\"247\" src=\"https:\/\/laiteriemassais.fr\/wp-content\/uploads\/2023\/12\/2784003505069038983145214569770567396580307n-1024x536.jpg\" alt=\"\" class=\"wp-image-247\" srcset=\"https:\/\/laiteriemassais.fr\/wp-content\/uploads\/2023\/12\/2784003505069038983145214569770567396580307n-1024x536.jpg 1024w, https:\/\/laiteriemassais.fr\/wp-content\/uploads\/2023\/12\/2784003505069038983145214569770567396580307n-300x157.jpg 300w, https:\/\/laiteriemassais.fr\/wp-content\/uploads\/2023\/12\/2784003505069038983145214569770567396580307n-768x402.jpg 768w, https:\/\/laiteriemassais.fr\/wp-content\/uploads\/2023\/12\/2784003505069038983145214569770567396580307n-421x220.jpg 421w, https:\/\/laiteriemassais.fr\/wp-content\/uploads\/2023\/12\/2784003505069038983145214569770567396580307n.jpg 1080w\" sizes=\"auto, (max-width: 1024px) 100vw, 1024px\" \/><\/figure>\n<\/figure>\n\n\n\n<p><\/p>\n","protected":false},"excerpt":{"rendered":"<p>D\u00e9couvrez le site de la laiterie de Massais et son histoire : Visite priv\u00e9e : Pour les groupes du lundi au dimanche sur r\u00e9servation uniquement &hellip;<\/p>\n","protected":false},"author":1,"featured_media":0,"parent":0,"menu_order":6,"comment_status":"closed","ping_status":"closed","template":"","meta":{"footnotes":""},"class_list":["post-135","page","type-page","status-publish","hentry"],"_links":{"self":[{"href":"https:\/\/laiteriemassais.fr\/index.php\/wp-json\/wp\/v2\/pages\/135","targetHints":{"allow":["GET"]}}],"collection":[{"href":"https:\/\/laiteriemassais.fr\/index.php\/wp-json\/wp\/v2\/pages"}],"about":[{"href":"https:\/\/laiteriemassais.fr\/index.php\/wp-json\/wp\/v2\/types\/page"}],"author":[{"embeddable":true,"href":"https:\/\/laiteriemassais.fr\/index.php\/wp-json\/wp\/v2\/users\/1"}],"replies":[{"embeddable":true,"href":"https:\/\/laiteriemassais.fr\/index.php\/wp-json\/wp\/v2\/comments?post=135"}],"version-history":[{"count":42,"href":"https:\/\/laiteriemassais.fr\/index.php\/wp-json\/wp\/v2\/pages\/135\/revisions"}],"predecessor-version":[{"id":1099,"href":"https:\/\/laiteriemassais.fr\/index.php\/wp-json\/wp\/v2\/pages\/135\/revisions\/1099"}],"wp:attachment":[{"href":"https:\/\/laiteriemassais.fr\/index.php\/wp-json\/wp\/v2\/media?parent=135"}],"curies":[{"name":"wp","href":"https:\/\/api.w.org\/{rel}","templated":true}]}}